{"id":450,"date":"2020-04-03T12:06:14","date_gmt":"2020-04-03T10:06:14","guid":{"rendered":"https:\/\/www.hrwheelworks.be\/?page_id=450"},"modified":"2025-06-26T15:37:50","modified_gmt":"2025-06-26T13:37:50","slug":"talent-management-consultancy","status":"publish","type":"page","link":"https:\/\/www.hrwheelworks.be\/en\/services\/talent-management-consultancy\/","title":{"rendered":"Talent Management Consultancy"},"content":{"rendered":"\t\t<div data-elementor-type=\"wp-page\" data-elementor-id=\"450\" class=\"elementor elementor-450\" data-elementor-post-type=\"page\">\n\t\t\t\t\t\t<section class=\"elementor-section elementor-top-section elementor-element elementor-element-5a06b4b0 elementor-section-boxed elementor-section-height-default elementor-section-height-default\" data-id=\"5a06b4b0\" data-element_type=\"section\">\n\t\t\t\t\t\t<div class=\"elementor-container elementor-column-gap-extended\">\n\t\t\t\t\t<div class=\"aux-parallax-section elementor-column elementor-col-50 elementor-top-column elementor-element elementor-element-9b35999 aux-appear-watch-animation aux-fade-in-right\" data-id=\"9b35999\" data-element_type=\"column\">\n\t\t\t<div class=\"elementor-widget-wrap elementor-element-populated\">\n\t\t\t\t\t\t<div class=\"elementor-element elementor-element-794de0c1 elementor-widget elementor-widget-aux_modern_heading\" data-id=\"794de0c1\" data-element_type=\"widget\" data-widget_type=\"aux_modern_heading.default\">\n\t\t\t\t<div class=\"elementor-widget-container\">\n\t\t\t\t\t<section class=\"aux-widget-modern-heading\">\n            <div class=\"aux-widget-inner\"><h2 class=\"aux-modern-heading-primary\"><\/h2><h1 class=\"aux-modern-heading-secondary\"><span class=\"aux-head-before\">Talent Management<\/span><span class=\"aux-head-highlight\">Consultancy<\/span><\/h1><\/div>\n        <\/section>\t\t\t\t<\/div>\n\t\t\t\t<\/div>\n\t\t\t\t<div class=\"elementor-element elementor-element-6ec07d7d aux-appear-watch-animation aux-fade-in-right elementor-widget elementor-widget-text-editor\" data-id=\"6ec07d7d\" data-element_type=\"widget\" data-widget_type=\"text-editor.default\">\n\t\t\t\t<div class=\"elementor-widget-container\">\n\t\t\t\t\t\t\t\t\t<div class=\"aux-bus2-title-divider\">\u00a0<\/div>\t\t\t\t\t\t\t\t<\/div>\n\t\t\t\t<\/div>\n\t\t\t\t<div class=\"elementor-element elementor-element-31813a25 elementor-widget elementor-widget-text-editor\" data-id=\"31813a25\" data-element_type=\"widget\" data-widget_type=\"text-editor.default\">\n\t\t\t\t<div class=\"elementor-widget-container\">\n\t\t\t\t\t\t\t\t\t<p>We listen, make proposals, give advice, provide a sounding board, support the implementation, train your leaders, facilitate the Talent Review Meeting, prepare your communication, &#8230;.<\/p><p>Challenges we solve together:<\/p><ul><li>translate the new business strategy in Talent Management choices<\/li><li>what is the talent story we would like to share with our employees?<\/li><li>how to gain more involvement of the managers in the Talent Review Process. After all, this is a critical business process.\u00a0<\/li><li>we would like to use the Talent Review Profiler tool, developed by <a href=\"https:\/\/talentlogiqs.com\/for-organizations\/talent-management-development\/#our-solutions\">TalentLogiQs<\/a>, to collect evidence-based information both from the employee and\u00a0 manager&#8217;s perspective.<\/li><li>we want to move away from the use of the 9-box as visualization of talents in the organisation. What are the alternatives?<\/li><li>our organisation considers the launch of a Talent Review or Succession Management approach. How do we make that happen?<\/li><li>how to simplify our Talent Review approach?<\/li><li>&#8230;<\/li><\/ul>\t\t\t\t\t\t\t\t<\/div>\n\t\t\t\t<\/div>\n\t\t\t\t<div class=\"elementor-element elementor-element-5d907624 aux-appear-watch-animation aux-fade-in-up elementor-widget elementor-widget-aux_button\" data-id=\"5d907624\" data-element_type=\"widget\" data-widget_type=\"aux_button.default\">\n\t\t\t\t<div class=\"elementor-widget-container\">\n\t\t\t\t\t<a  href=\"\/contact\/\" target=\"_self\"   class=\"aux-button aux-medium aux-carmine-pink aux-curve aux-none aux-uppercase\" ><span class=\"aux-overlay\"><\/span><span class=\"aux-text\">Let's get started<\/span><\/a>\t\t\t\t<\/div>\n\t\t\t\t<\/div>\n\t\t\t\t\t<\/div>\n\t\t<\/div>\n\t\t\t\t<div class=\"aux-parallax-section elementor-column elementor-col-50 elementor-top-column elementor-element elementor-element-5134f167 elementor-hidden-tablet elementor-hidden-phone\" data-id=\"5134f167\" data-element_type=\"column\">\n\t\t\t<div class=\"elementor-widget-wrap elementor-element-populated\">\n\t\t\t\t\t\t<div class=\"elementor-element elementor-element-54de49b8 elementor-widget elementor-widget-image\" data-id=\"54de49b8\" data-element_type=\"widget\" data-widget_type=\"image.default\">\n\t\t\t\t<div class=\"elementor-widget-container\">\n\t\t\t\t\t\t\t\t\t\t\t\t\t\t\t<img fetchpriority=\"high\" decoding=\"async\" width=\"1024\" height=\"1024\" src=\"https:\/\/www.hrwheelworks.be\/wp-content\/uploads\/2023\/12\/Geoptimaliseerde-website-toegang-scaled-e1703150021685-1024x1024.jpg\" class=\"attachment-large size-large wp-image-2232\" alt=\"\" srcset=\"https:\/\/www.hrwheelworks.be\/wp-content\/uploads\/2023\/12\/Geoptimaliseerde-website-toegang-scaled-e1703150021685-1024x1024.jpg 1024w, https:\/\/www.hrwheelworks.be\/wp-content\/uploads\/2023\/12\/Geoptimaliseerde-website-toegang-scaled-e1703150021685-300x300.jpg 300w, https:\/\/www.hrwheelworks.be\/wp-content\/uploads\/2023\/12\/Geoptimaliseerde-website-toegang-scaled-e1703150021685-150x150.jpg 150w, https:\/\/www.hrwheelworks.be\/wp-content\/uploads\/2023\/12\/Geoptimaliseerde-website-toegang-scaled-e1703150021685-768x768.jpg 768w\" sizes=\"(max-width: 1024px) 100vw, 1024px\" \/>\t\t\t\t\t\t\t\t\t\t\t\t\t\t\t<\/div>\n\t\t\t\t<\/div>\n\t\t\t\t\t<\/div>\n\t\t<\/div>\n\t\t\t\t\t<\/div>\n\t\t<\/section>\n\t\t\t\t<section class=\"elementor-section elementor-top-section elementor-element elementor-element-46a00cf5 elementor-section-full_width elementor-section-stretched elementor-section-height-default elementor-section-height-default\" data-id=\"46a00cf5\" data-element_type=\"section\" data-settings=\"{&quot;background_background&quot;:&quot;classic&quot;,&quot;stretch_section&quot;:&quot;section-stretched&quot;}\">\n\t\t\t\t\t\t\t<div class=\"elementor-background-overlay\"><\/div>\n\t\t\t\t\t\t\t<div class=\"elementor-container elementor-column-gap-default\">\n\t\t\t\t\t<div class=\"aux-parallax-section elementor-column elementor-col-100 elementor-top-column elementor-element elementor-element-a8172b6\" data-id=\"a8172b6\" data-element_type=\"column\">\n\t\t\t<div class=\"elementor-widget-wrap elementor-element-populated\">\n\t\t\t\t\t\t<div class=\"elementor-element elementor-element-56a97d4 elementor-testimonial--skin-default elementor-testimonial--layout-image_inline elementor-testimonial--align-center elementor-arrows-yes elementor-pagination-type-bullets elementor-widget elementor-widget-testimonial-carousel\" data-id=\"56a97d4\" data-element_type=\"widget\" data-settings=\"{&quot;autoplay_speed&quot;:6000,&quot;show_arrows&quot;:&quot;yes&quot;,&quot;pagination&quot;:&quot;bullets&quot;,&quot;speed&quot;:500,&quot;autoplay&quot;:&quot;yes&quot;,&quot;loop&quot;:&quot;yes&quot;,&quot;pause_on_hover&quot;:&quot;yes&quot;,&quot;pause_on_interaction&quot;:&quot;yes&quot;,&quot;space_between&quot;:{&quot;unit&quot;:&quot;px&quot;,&quot;size&quot;:10,&quot;sizes&quot;:[]},&quot;space_between_tablet&quot;:{&quot;unit&quot;:&quot;px&quot;,&quot;size&quot;:10,&quot;sizes&quot;:[]},&quot;space_between_mobile&quot;:{&quot;unit&quot;:&quot;px&quot;,&quot;size&quot;:10,&quot;sizes&quot;:[]}}\" data-widget_type=\"testimonial-carousel.default\">\n\t\t\t\t<div class=\"elementor-widget-container\">\n\t\t\t\t\t\t\t\t\t<div class=\"elementor-swiper\">\n\t\t\t\t\t<div class=\"elementor-main-swiper swiper\" role=\"region\" aria-roledescription=\"carousel\" aria-label=\"Slides\">\n\t\t\t\t<div class=\"swiper-wrapper\">\n\t\t\t\t\t\t\t\t\t\t\t<div class=\"swiper-slide\" role=\"group\" aria-roledescription=\"slide\">\n\t\t\t\t\t\t\t\t\t<div class=\"elementor-testimonial\">\n\t\t\t\t\t\t\t<div class=\"elementor-testimonial__content\">\n\t\t\t\t\t<div class=\"elementor-testimonial__text\">\n\t\t\t\t\t\tNous avons fortement appr\u00e9ci\u00e9 le support inspirant d\u2019Ingrid dans nos r\u00e9flexions sur notre Culture Talent d\u00e9sir\u00e9e. Les \u00e9changes pendant les workshops online \u00e9taient enrichissants et nous ont clarifi\u00e9 la voie \u00e0 suivre pour le futur au niveau de notre approche du processus Talent Review\t\t\t\t\t<\/div>\n\t\t\t\t\t\t\t\t\t<\/div>\n\t\t\t\t\t\t<div class=\"elementor-testimonial__footer\">\n\t\t\t\t\t\t\t\t\t<div class=\"elementor-testimonial__image\">\n\t\t\t\t\t\t<img decoding=\"async\" src=\"https:\/\/www.hrwheelworks.be\/wp-content\/uploads\/2023\/11\/logo-AXA.png\" alt=\"Caroline Plichart\">\n\t\t\t\t\t\t\t\t\t\t\t<\/div>\n\t\t\t\t\t\t\t\t<cite class=\"elementor-testimonial__cite\"><span class=\"elementor-testimonial__name\">Caroline Plichart<\/span><span class=\"elementor-testimonial__title\">Directeur Talent AXA<\/span><\/cite>\t\t\t<\/div>\n\t\t<\/div>\n\t\t\t\t\t\t\t\t<\/div>\n\t\t\t\t\t\t\t\t\t\t\t<div class=\"swiper-slide\" role=\"group\" aria-roledescription=\"slide\">\n\t\t\t\t\t\t\t\t\t<div class=\"elementor-testimonial\">\n\t\t\t\t\t\t\t<div class=\"elementor-testimonial__content\">\n\t\t\t\t\t<div class=\"elementor-testimonial__text\">\n\t\t\t\t\t\tWe worked with Ingrid for the fine-tuning of our Talent Review process and the training of our managers. She was instrumental in asking the right questions and pointing out where the process needed to be sharper or improved. She also did an excellent job in preparing our managers to participate in this new process, helping overcome doubts and fears, and proactively proposed a \"just in time\" learning approach. Warmly recommended!\t\t\t\t\t<\/div>\n\t\t\t\t\t\t\t\t\t<\/div>\n\t\t\t\t\t\t<div class=\"elementor-testimonial__footer\">\n\t\t\t\t\t\t\t\t\t<div class=\"elementor-testimonial__image\">\n\t\t\t\t\t\t<img decoding=\"async\" src=\"https:\/\/www.hrwheelworks.be\/wp-content\/uploads\/2023\/12\/HR-Wheelworks-Customer.jpg\" alt=\"Siska D\u2019hoore\">\n\t\t\t\t\t\t\t\t\t\t\t<\/div>\n\t\t\t\t\t\t\t\t<cite class=\"elementor-testimonial__cite\"><span class=\"elementor-testimonial__name\">Siska D\u2019hoore<\/span><span class=\"elementor-testimonial__title\">Head of HR Management<\/span><\/cite>\t\t\t<\/div>\n\t\t<\/div>\n\t\t\t\t\t\t\t\t<\/div>\n\t\t\t\t\t\t\t\t\t\t\t<div class=\"swiper-slide\" role=\"group\" aria-roledescription=\"slide\">\n\t\t\t\t\t\t\t\t\t<div class=\"elementor-testimonial\">\n\t\t\t\t\t\t\t<div class=\"elementor-testimonial__content\">\n\t\t\t\t\t<div class=\"elementor-testimonial__text\">\n\t\t\t\t\t\tDe training \u2018Meer Business impact met de Talent Review\u2019 heeft mij de essenti\u00eble tools en inzichten geboden om een doeltreffende Talent Review op te zetten.\n\nNiet enkel theorie, maar ook praktische toepassing komt aan bod, waardoor je direct aan de slag kunt met wat je hebt geleerd.\n\nOns management team heeft ook mede hierdoor, het Talent Review plan goed ontvangen.\t\t\t\t\t<\/div>\n\t\t\t\t\t\t\t\t\t<\/div>\n\t\t\t\t\t\t<div class=\"elementor-testimonial__footer\">\n\t\t\t\t\t\t\t\t\t<div class=\"elementor-testimonial__image\">\n\t\t\t\t\t\t<img decoding=\"async\" src=\"https:\/\/www.hrwheelworks.be\/wp-content\/uploads\/2023\/12\/tno.jpg\" alt=\"Jaap de Vries\">\n\t\t\t\t\t\t\t\t\t\t\t<\/div>\n\t\t\t\t\t\t\t\t<cite class=\"elementor-testimonial__cite\"><span class=\"elementor-testimonial__name\">Jaap de Vries<\/span><span class=\"elementor-testimonial__title\">HR manager TNO High Tech Industry<\/span><\/cite>\t\t\t<\/div>\n\t\t<\/div>\n\t\t\t\t\t\t\t\t<\/div>\n\t\t\t\t\t\t\t\t\t\t\t<div class=\"swiper-slide\" role=\"group\" aria-roledescription=\"slide\">\n\t\t\t\t\t\t\t\t\t<div class=\"elementor-testimonial\">\n\t\t\t\t\t\t\t<div class=\"elementor-testimonial__content\">\n\t\t\t\t\t<div class=\"elementor-testimonial__text\">\n\t\t\t\t\t\tOnze syndicale partners en leidinggevenden formuleerden samen een concreet actieplan voor het versterken van duurzaam loopbaanbeleid binnen VDAB.\n\nDe doeltreffende begeleiding door Ingrid De Backer speelde een belangrijke rol in het rijpen van de inzichten en het begeleiden naar gemeenschappelijke doelen en acties.\t\t\t\t\t<\/div>\n\t\t\t\t\t\t\t\t\t<\/div>\n\t\t\t\t\t\t<div class=\"elementor-testimonial__footer\">\n\t\t\t\t\t\t\t\t\t<div class=\"elementor-testimonial__image\">\n\t\t\t\t\t\t<img decoding=\"async\" src=\"https:\/\/www.hrwheelworks.be\/wp-content\/uploads\/2023\/12\/vdab-logo.jpg\" alt=\"Inge Deblaere\">\n\t\t\t\t\t\t\t\t\t\t\t<\/div>\n\t\t\t\t\t\t\t\t<cite class=\"elementor-testimonial__cite\"><span class=\"elementor-testimonial__name\">Inge Deblaere<\/span><span class=\"elementor-testimonial__title\">Personeelsdirecteur VDAB<\/span><\/cite>\t\t\t<\/div>\n\t\t<\/div>\n\t\t\t\t\t\t\t\t<\/div>\n\t\t\t\t\t\t\t\t\t\t\t<div class=\"swiper-slide\" role=\"group\" aria-roledescription=\"slide\">\n\t\t\t\t\t\t\t\t\t<div class=\"elementor-testimonial\">\n\t\t\t\t\t\t\t<div class=\"elementor-testimonial__content\">\n\t\t\t\t\t<div class=\"elementor-testimonial__text\">\n\t\t\t\t\t\tAs the project lead of a global project team, Ingrid implemented 1 global Talent Review & Succession Management approach.\n\nIn order to succeed she had to align a multitude of HR and business views on Talent and Succession Mgmt. Ingrid\u2019s pragmatic and solution-oriented approach made this possible. All of our 80 senior HR Business partners were delighted by the training she gave to align them on 1 global approach. Implementation in all of our divisions globally has been a big success.\n\nA human-oriented and transparent collaboration.\t\t\t\t\t<\/div>\n\t\t\t\t\t\t\t\t\t<\/div>\n\t\t\t\t\t\t<div class=\"elementor-testimonial__footer\">\n\t\t\t\t\t\t\t\t\t<div class=\"elementor-testimonial__image\">\n\t\t\t\t\t\t<img decoding=\"async\" src=\"https:\/\/www.hrwheelworks.be\/wp-content\/uploads\/2023\/12\/logo_Huntsman.png\" alt=\"Sandra Hoeylaerts\">\n\t\t\t\t\t\t\t\t\t\t\t<\/div>\n\t\t\t\t\t\t\t\t<cite class=\"elementor-testimonial__cite\"><span class=\"elementor-testimonial__name\">Sandra Hoeylaerts<\/span><span class=\"elementor-testimonial__title\">Talent Director bij Huntsman<\/span><\/cite>\t\t\t<\/div>\n\t\t<\/div>\n\t\t\t\t\t\t\t\t<\/div>\n\t\t\t\t\t\t\t\t\t<\/div>\n\t\t\t\t\t\t\t\t\t\t\t\t\t\t\t<div class=\"elementor-swiper-button elementor-swiper-button-prev\" role=\"button\" tabindex=\"0\" aria-label=\"Previous\">\n\t\t\t\t\t\t\t<i aria-hidden=\"true\" class=\"eicon-chevron-left\"><\/i>\t\t\t\t\t\t<\/div>\n\t\t\t\t\t\t<div class=\"elementor-swiper-button elementor-swiper-button-next\" role=\"button\" tabindex=\"0\" aria-label=\"Next\">\n\t\t\t\t\t\t\t<i aria-hidden=\"true\" class=\"eicon-chevron-right\"><\/i>\t\t\t\t\t\t<\/div>\n\t\t\t\t\t\t\t\t\t\t\t\t\t\t\t\t<div class=\"swiper-pagination\"><\/div>\n\t\t\t\t\t\t\t\t\t\t\t\t<\/div>\n\t\t\t\t<\/div>\n\t\t\t\t\t\t\t\t<\/div>\n\t\t\t\t<\/div>\n\t\t\t\t\t<\/div>\n\t\t<\/div>\n\t\t\t\t\t<\/div>\n\t\t<\/section>\n\t\t\t\t<\/div>\n\t\t","protected":false},"excerpt":{"rendered":"<p>Talent ManagementConsultancy \u00a0 We listen, make proposals, give advice, provide a sounding board, support the implementation, train your leaders, facilitate the Talent Review Meeting, prepare your communication, &#8230;. Challenges we solve together: translate the new business strategy in Talent Management choices what is the talent story we would like to share with our employees? how [&hellip;]<\/p>\n","protected":false},"author":1,"featured_media":0,"parent":173,"menu_order":0,"comment_status":"closed","ping_status":"closed","template":"","meta":{"_acf_changed":false,"inline_featured_image":false,"footnotes":""},"class_list":["post-450","page","type-page","status-publish","hentry"],"acf":[],"yoast_head":"<!-- This site is optimized with the Yoast SEO plugin v27.0 - https:\/\/yoast.com\/product\/yoast-seo-wordpress\/ -->\n<title>Talent Management Consultancy - HR Wheelworks<\/title>\n<meta name=\"robots\" content=\"index, follow, max-snippet:-1, max-image-preview:large, max-video-preview:-1\" \/>\n<link rel=\"canonical\" href=\"https:\/\/www.hrwheelworks.be\/en\/services\/talent-management-consultancy\/\" \/>\n<meta property=\"og:locale\" content=\"en_US\" \/>\n<meta property=\"og:type\" content=\"article\" \/>\n<meta property=\"og:title\" content=\"Talent Management Consultancy - HR Wheelworks\" \/>\n<meta property=\"og:description\" content=\"Talent ManagementConsultancy \u00a0 We listen, make proposals, give advice, provide a sounding board, support the implementation, train your leaders, facilitate the Talent Review Meeting, prepare your communication, &#8230;. Challenges we solve together: translate the new business strategy in Talent Management choices what is the talent story we would like to share with our employees? how [&hellip;]\" \/>\n<meta property=\"og:url\" content=\"https:\/\/www.hrwheelworks.be\/en\/services\/talent-management-consultancy\/\" \/>\n<meta property=\"og:site_name\" content=\"HR Wheelworks\" \/>\n<meta property=\"article:modified_time\" content=\"2025-06-26T13:37:50+00:00\" \/>\n<meta property=\"og:image\" content=\"https:\/\/www.hrwheelworks.be\/wp-content\/uploads\/2023\/12\/Geoptimaliseerde-website-toegang-scaled-e1703150021685-1024x1024.jpg\" \/>\n<meta name=\"twitter:card\" content=\"summary_large_image\" \/>\n<meta name=\"twitter:label1\" content=\"Est. reading time\" \/>\n\t<meta name=\"twitter:data1\" content=\"5 minutes\" \/>\n<script type=\"application\/ld+json\" class=\"yoast-schema-graph\">{\"@context\":\"https:\/\/schema.org\",\"@graph\":[{\"@type\":\"WebPage\",\"@id\":\"https:\/\/www.hrwheelworks.be\/en\/services\/talent-management-consultancy\/\",\"url\":\"https:\/\/www.hrwheelworks.be\/en\/services\/talent-management-consultancy\/\",\"name\":\"Talent Management Consultancy - HR Wheelworks\",\"isPartOf\":{\"@id\":\"https:\/\/www.hrwheelworks.be\/nl\/#website\"},\"primaryImageOfPage\":{\"@id\":\"https:\/\/www.hrwheelworks.be\/en\/services\/talent-management-consultancy\/#primaryimage\"},\"image\":{\"@id\":\"https:\/\/www.hrwheelworks.be\/en\/services\/talent-management-consultancy\/#primaryimage\"},\"thumbnailUrl\":\"https:\/\/www.hrwheelworks.be\/wp-content\/uploads\/2023\/12\/Geoptimaliseerde-website-toegang-scaled-e1703150021685-1024x1024.jpg\",\"datePublished\":\"2020-04-03T10:06:14+00:00\",\"dateModified\":\"2025-06-26T13:37:50+00:00\",\"breadcrumb\":{\"@id\":\"https:\/\/www.hrwheelworks.be\/en\/services\/talent-management-consultancy\/#breadcrumb\"},\"inLanguage\":\"en-US\",\"potentialAction\":[{\"@type\":\"ReadAction\",\"target\":[\"https:\/\/www.hrwheelworks.be\/en\/services\/talent-management-consultancy\/\"]}]},{\"@type\":\"ImageObject\",\"inLanguage\":\"en-US\",\"@id\":\"https:\/\/www.hrwheelworks.be\/en\/services\/talent-management-consultancy\/#primaryimage\",\"url\":\"https:\/\/www.hrwheelworks.be\/wp-content\/uploads\/2023\/12\/Geoptimaliseerde-website-toegang-scaled-e1703150021685-1024x1024.jpg\",\"contentUrl\":\"https:\/\/www.hrwheelworks.be\/wp-content\/uploads\/2023\/12\/Geoptimaliseerde-website-toegang-scaled-e1703150021685-1024x1024.jpg\"},{\"@type\":\"BreadcrumbList\",\"@id\":\"https:\/\/www.hrwheelworks.be\/en\/services\/talent-management-consultancy\/#breadcrumb\",\"itemListElement\":[{\"@type\":\"ListItem\",\"position\":1,\"name\":\"Home\",\"item\":\"https:\/\/www.hrwheelworks.be\/en\/\"},{\"@type\":\"ListItem\",\"position\":2,\"name\":\"Services\",\"item\":\"https:\/\/www.hrwheelworks.be\/en\/services\/\"},{\"@type\":\"ListItem\",\"position\":3,\"name\":\"Talent Management Consultancy\"}]},{\"@type\":\"WebSite\",\"@id\":\"https:\/\/www.hrwheelworks.be\/nl\/#website\",\"url\":\"https:\/\/www.hrwheelworks.be\/nl\/\",\"name\":\"HR Wheelworks\",\"description\":\"\",\"publisher\":{\"@id\":\"https:\/\/www.hrwheelworks.be\/nl\/#organization\"},\"potentialAction\":[{\"@type\":\"SearchAction\",\"target\":{\"@type\":\"EntryPoint\",\"urlTemplate\":\"https:\/\/www.hrwheelworks.be\/nl\/?s={search_term_string}\"},\"query-input\":{\"@type\":\"PropertyValueSpecification\",\"valueRequired\":true,\"valueName\":\"search_term_string\"}}],\"inLanguage\":\"en-US\"},{\"@type\":\"Organization\",\"@id\":\"https:\/\/www.hrwheelworks.be\/nl\/#organization\",\"name\":\"HR Wheelworks\",\"url\":\"https:\/\/www.hrwheelworks.be\/nl\/\",\"logo\":{\"@type\":\"ImageObject\",\"inLanguage\":\"en-US\",\"@id\":\"https:\/\/www.hrwheelworks.be\/nl\/#\/schema\/logo\/image\/\",\"url\":\"https:\/\/www.hrwheelworks.be\/wp-content\/uploads\/2020\/03\/HRWheelworks-logo.svg\",\"contentUrl\":\"https:\/\/www.hrwheelworks.be\/wp-content\/uploads\/2020\/03\/HRWheelworks-logo.svg\",\"width\":986,\"height\":247,\"caption\":\"HR Wheelworks\"},\"image\":{\"@id\":\"https:\/\/www.hrwheelworks.be\/nl\/#\/schema\/logo\/image\/\"}}]}<\/script>\n<!-- \/ Yoast SEO plugin. -->","yoast_head_json":{"title":"Talent Management Consultancy - HR Wheelworks","robots":{"index":"index","follow":"follow","max-snippet":"max-snippet:-1","max-image-preview":"max-image-preview:large","max-video-preview":"max-video-preview:-1"},"canonical":"https:\/\/www.hrwheelworks.be\/en\/services\/talent-management-consultancy\/","og_locale":"en_US","og_type":"article","og_title":"Talent Management Consultancy - HR Wheelworks","og_description":"Talent ManagementConsultancy \u00a0 We listen, make proposals, give advice, provide a sounding board, support the implementation, train your leaders, facilitate the Talent Review Meeting, prepare your communication, &#8230;. Challenges we solve together: translate the new business strategy in Talent Management choices what is the talent story we would like to share with our employees? how [&hellip;]","og_url":"https:\/\/www.hrwheelworks.be\/en\/services\/talent-management-consultancy\/","og_site_name":"HR Wheelworks","article_modified_time":"2025-06-26T13:37:50+00:00","og_image":[{"url":"https:\/\/www.hrwheelworks.be\/wp-content\/uploads\/2023\/12\/Geoptimaliseerde-website-toegang-scaled-e1703150021685-1024x1024.jpg","type":"","width":"","height":""}],"twitter_card":"summary_large_image","twitter_misc":{"Est. reading time":"5 minutes"},"schema":{"@context":"https:\/\/schema.org","@graph":[{"@type":"WebPage","@id":"https:\/\/www.hrwheelworks.be\/en\/services\/talent-management-consultancy\/","url":"https:\/\/www.hrwheelworks.be\/en\/services\/talent-management-consultancy\/","name":"Talent Management Consultancy - HR Wheelworks","isPartOf":{"@id":"https:\/\/www.hrwheelworks.be\/nl\/#website"},"primaryImageOfPage":{"@id":"https:\/\/www.hrwheelworks.be\/en\/services\/talent-management-consultancy\/#primaryimage"},"image":{"@id":"https:\/\/www.hrwheelworks.be\/en\/services\/talent-management-consultancy\/#primaryimage"},"thumbnailUrl":"https:\/\/www.hrwheelworks.be\/wp-content\/uploads\/2023\/12\/Geoptimaliseerde-website-toegang-scaled-e1703150021685-1024x1024.jpg","datePublished":"2020-04-03T10:06:14+00:00","dateModified":"2025-06-26T13:37:50+00:00","breadcrumb":{"@id":"https:\/\/www.hrwheelworks.be\/en\/services\/talent-management-consultancy\/#breadcrumb"},"inLanguage":"en-US","potentialAction":[{"@type":"ReadAction","target":["https:\/\/www.hrwheelworks.be\/en\/services\/talent-management-consultancy\/"]}]},{"@type":"ImageObject","inLanguage":"en-US","@id":"https:\/\/www.hrwheelworks.be\/en\/services\/talent-management-consultancy\/#primaryimage","url":"https:\/\/www.hrwheelworks.be\/wp-content\/uploads\/2023\/12\/Geoptimaliseerde-website-toegang-scaled-e1703150021685-1024x1024.jpg","contentUrl":"https:\/\/www.hrwheelworks.be\/wp-content\/uploads\/2023\/12\/Geoptimaliseerde-website-toegang-scaled-e1703150021685-1024x1024.jpg"},{"@type":"BreadcrumbList","@id":"https:\/\/www.hrwheelworks.be\/en\/services\/talent-management-consultancy\/#breadcrumb","itemListElement":[{"@type":"ListItem","position":1,"name":"Home","item":"https:\/\/www.hrwheelworks.be\/en\/"},{"@type":"ListItem","position":2,"name":"Services","item":"https:\/\/www.hrwheelworks.be\/en\/services\/"},{"@type":"ListItem","position":3,"name":"Talent Management Consultancy"}]},{"@type":"WebSite","@id":"https:\/\/www.hrwheelworks.be\/nl\/#website","url":"https:\/\/www.hrwheelworks.be\/nl\/","name":"HR Wheelworks","description":"","publisher":{"@id":"https:\/\/www.hrwheelworks.be\/nl\/#organization"},"potentialAction":[{"@type":"SearchAction","target":{"@type":"EntryPoint","urlTemplate":"https:\/\/www.hrwheelworks.be\/nl\/?s={search_term_string}"},"query-input":{"@type":"PropertyValueSpecification","valueRequired":true,"valueName":"search_term_string"}}],"inLanguage":"en-US"},{"@type":"Organization","@id":"https:\/\/www.hrwheelworks.be\/nl\/#organization","name":"HR Wheelworks","url":"https:\/\/www.hrwheelworks.be\/nl\/","logo":{"@type":"ImageObject","inLanguage":"en-US","@id":"https:\/\/www.hrwheelworks.be\/nl\/#\/schema\/logo\/image\/","url":"https:\/\/www.hrwheelworks.be\/wp-content\/uploads\/2020\/03\/HRWheelworks-logo.svg","contentUrl":"https:\/\/www.hrwheelworks.be\/wp-content\/uploads\/2020\/03\/HRWheelworks-logo.svg","width":986,"height":247,"caption":"HR Wheelworks"},"image":{"@id":"https:\/\/www.hrwheelworks.be\/nl\/#\/schema\/logo\/image\/"}}]}},"_links":{"self":[{"href":"https:\/\/www.hrwheelworks.be\/en\/wp-json\/wp\/v2\/pages\/450","targetHints":{"allow":["GET"]}}],"collection":[{"href":"https:\/\/www.hrwheelworks.be\/en\/wp-json\/wp\/v2\/pages"}],"about":[{"href":"https:\/\/www.hrwheelworks.be\/en\/wp-json\/wp\/v2\/types\/page"}],"author":[{"embeddable":true,"href":"https:\/\/www.hrwheelworks.be\/en\/wp-json\/wp\/v2\/users\/1"}],"replies":[{"embeddable":true,"href":"https:\/\/www.hrwheelworks.be\/en\/wp-json\/wp\/v2\/comments?post=450"}],"version-history":[{"count":36,"href":"https:\/\/www.hrwheelworks.be\/en\/wp-json\/wp\/v2\/pages\/450\/revisions"}],"predecessor-version":[{"id":2788,"href":"https:\/\/www.hrwheelworks.be\/en\/wp-json\/wp\/v2\/pages\/450\/revisions\/2788"}],"up":[{"embeddable":true,"href":"https:\/\/www.hrwheelworks.be\/en\/wp-json\/wp\/v2\/pages\/173"}],"wp:attachment":[{"href":"https:\/\/www.hrwheelworks.be\/en\/wp-json\/wp\/v2\/media?parent=450"}],"curies":[{"name":"wp","href":"https:\/\/api.w.org\/{rel}","templated":true}]}}