{"id":786,"date":"2020-04-03T12:06:14","date_gmt":"2020-04-03T10:06:14","guid":{"rendered":"https:\/\/www.hrwheelworks.be\/services\/talent-management-consultancy\/"},"modified":"2025-06-26T15:39:03","modified_gmt":"2025-06-26T13:39:03","slug":"talent-management-advies","status":"publish","type":"page","link":"https:\/\/www.hrwheelworks.be\/nl\/aanbod\/talent-management-advies\/","title":{"rendered":"Talent Management advies"},"content":{"rendered":"\t\t<div data-elementor-type=\"wp-page\" data-elementor-id=\"786\" class=\"elementor elementor-786 elementor-450\" data-elementor-post-type=\"page\">\n\t\t\t\t\t\t<section class=\"elementor-section elementor-top-section elementor-element elementor-element-5a06b4b0 elementor-section-boxed elementor-section-height-default elementor-section-height-default\" data-id=\"5a06b4b0\" data-element_type=\"section\">\n\t\t\t\t\t\t<div class=\"elementor-container elementor-column-gap-extended\">\n\t\t\t\t\t<div class=\"aux-parallax-section elementor-column elementor-col-50 elementor-top-column elementor-element elementor-element-9b35999 aux-appear-watch-animation aux-fade-in-right\" data-id=\"9b35999\" data-element_type=\"column\">\n\t\t\t<div class=\"elementor-widget-wrap elementor-element-populated\">\n\t\t\t\t\t\t<div class=\"elementor-element elementor-element-794de0c1 elementor-widget elementor-widget-aux_modern_heading\" data-id=\"794de0c1\" data-element_type=\"widget\" data-widget_type=\"aux_modern_heading.default\">\n\t\t\t\t<div class=\"elementor-widget-container\">\n\t\t\t\t\t<section class=\"aux-widget-modern-heading\">\n            <div class=\"aux-widget-inner\"><h2 class=\"aux-modern-heading-primary\"><\/h2><h1 class=\"aux-modern-heading-secondary\"><span class=\"aux-head-before\">Talent Management<\/span><span class=\"aux-head-highlight\">Advies<\/span><\/h1><\/div>\n        <\/section>\t\t\t\t<\/div>\n\t\t\t\t<\/div>\n\t\t\t\t<div class=\"elementor-element elementor-element-6ec07d7d aux-appear-watch-animation aux-fade-in-right elementor-widget elementor-widget-text-editor\" data-id=\"6ec07d7d\" data-element_type=\"widget\" data-widget_type=\"text-editor.default\">\n\t\t\t\t<div class=\"elementor-widget-container\">\n\t\t\t\t\t\t\t\t\t<div class=\"aux-bus2-title-divider\">\u00a0<\/div>\t\t\t\t\t\t\t\t<\/div>\n\t\t\t\t<\/div>\n\t\t\t\t<div class=\"elementor-element elementor-element-31813a25 elementor-widget elementor-widget-text-editor\" data-id=\"31813a25\" data-element_type=\"widget\" data-widget_type=\"text-editor.default\">\n\t\t\t\t<div class=\"elementor-widget-container\">\n\t\t\t\t\t\t\t\t\t<p>Wij luisteren, werken voorstellen uit, geven advies, bieden een klankbord, ondersteunen bij de implementatie, trainen leidinggevenden, faciliteren de Talent Review Meeting, bereiden jouw communicatie voor, \u2026<\/p><p>Uitdagingen waar wij <strong>samen<\/strong> een antwoord op zoeken:<\/p><ul><li>vertalen van <strong>nieuwe business strategie<\/strong> naar Talent Management keuzes<\/li><li>welk <strong>Talent Verhaal<\/strong> willen we vertellen aan onze medewerkers?<\/li><li>hoe kunnen we meer <strong>betrokkenheid<\/strong> bekomen van de <strong>managers<\/strong> in het Talent Review proces? Dit is tenslotte een business kritisch bedrijfsproces.\u00a0<\/li><li>wij willen de <strong>Talent Review Profiler<\/strong> tool, ontwikkeld door <a href=\"https:\/\/talentlogiqs.com\/for-organizations\/talent-management-development\/#our-solutions\">TalentLogiQs<\/a>, inzetten om op een wetenschappelijk onderbouwde manier informatie bij de medewerker en leidinggevende te verzamelen als vertrekpunt voor het Talent Review overleg.<\/li><li>wij willen afstappen van het gebruik van de <strong>9-box<\/strong> voor visualisatie van de talenten in de organisatie, wat zijn alternatieven?<\/li><li>onze organisatie overweegt de <strong>opstart van Succession Management<\/strong>. Op welke manier gaan we best te werk?<\/li><li>hoe <strong>vereenvoudigen<\/strong> wij onze Talent Review\u00a0 aanpak ?<\/li><li>&#8230;<\/li><\/ul>\t\t\t\t\t\t\t\t<\/div>\n\t\t\t\t<\/div>\n\t\t\t\t<div class=\"elementor-element elementor-element-5d907624 aux-appear-watch-animation aux-fade-in-up elementor-widget elementor-widget-aux_button\" data-id=\"5d907624\" data-element_type=\"widget\" data-widget_type=\"aux_button.default\">\n\t\t\t\t<div class=\"elementor-widget-container\">\n\t\t\t\t\t<a  href=\"\/nl\/contact\/\" target=\"_self\"   class=\"aux-button aux-medium aux-carmine-pink aux-curve aux-none aux-uppercase\" ><span class=\"aux-overlay\"><\/span><span class=\"aux-text\">Laten we van start gaan<\/span><\/a>\t\t\t\t<\/div>\n\t\t\t\t<\/div>\n\t\t\t\t\t<\/div>\n\t\t<\/div>\n\t\t\t\t<div class=\"aux-parallax-section elementor-column elementor-col-50 elementor-top-column elementor-element elementor-element-5134f167 elementor-hidden-tablet elementor-hidden-phone\" data-id=\"5134f167\" data-element_type=\"column\">\n\t\t\t<div class=\"elementor-widget-wrap elementor-element-populated\">\n\t\t\t\t\t\t<div class=\"elementor-element elementor-element-54de49b8 elementor-widget elementor-widget-image\" data-id=\"54de49b8\" data-element_type=\"widget\" data-widget_type=\"image.default\">\n\t\t\t\t<div class=\"elementor-widget-container\">\n\t\t\t\t\t\t\t\t\t\t\t\t\t\t\t<img fetchpriority=\"high\" decoding=\"async\" width=\"1024\" height=\"1024\" src=\"https:\/\/www.hrwheelworks.be\/wp-content\/uploads\/2023\/12\/Geoptimaliseerde-website-toegang-scaled-e1703150021685-1024x1024.jpg\" class=\"attachment-large size-large wp-image-2232\" alt=\"\" srcset=\"https:\/\/www.hrwheelworks.be\/wp-content\/uploads\/2023\/12\/Geoptimaliseerde-website-toegang-scaled-e1703150021685-1024x1024.jpg 1024w, https:\/\/www.hrwheelworks.be\/wp-content\/uploads\/2023\/12\/Geoptimaliseerde-website-toegang-scaled-e1703150021685-300x300.jpg 300w, https:\/\/www.hrwheelworks.be\/wp-content\/uploads\/2023\/12\/Geoptimaliseerde-website-toegang-scaled-e1703150021685-150x150.jpg 150w, https:\/\/www.hrwheelworks.be\/wp-content\/uploads\/2023\/12\/Geoptimaliseerde-website-toegang-scaled-e1703150021685-768x768.jpg 768w\" sizes=\"(max-width: 1024px) 100vw, 1024px\" \/>\t\t\t\t\t\t\t\t\t\t\t\t\t\t\t<\/div>\n\t\t\t\t<\/div>\n\t\t\t\t\t<\/div>\n\t\t<\/div>\n\t\t\t\t\t<\/div>\n\t\t<\/section>\n\t\t\t\t<section class=\"elementor-section elementor-top-section elementor-element elementor-element-655a9a1 elementor-section-full_width elementor-section-stretched elementor-section-height-default elementor-section-height-default\" data-id=\"655a9a1\" data-element_type=\"section\" data-settings=\"{&quot;background_background&quot;:&quot;classic&quot;,&quot;stretch_section&quot;:&quot;section-stretched&quot;}\">\n\t\t\t\t\t\t\t<div class=\"elementor-background-overlay\"><\/div>\n\t\t\t\t\t\t\t<div class=\"elementor-container elementor-column-gap-default\">\n\t\t\t\t\t<div class=\"aux-parallax-section elementor-column elementor-col-100 elementor-top-column elementor-element elementor-element-107a8a9\" data-id=\"107a8a9\" data-element_type=\"column\">\n\t\t\t<div class=\"elementor-widget-wrap elementor-element-populated\">\n\t\t\t\t\t\t<div class=\"elementor-element elementor-element-de62335 elementor-testimonial--skin-default elementor-testimonial--layout-image_inline elementor-testimonial--align-center elementor-arrows-yes elementor-pagination-type-bullets elementor-widget elementor-widget-testimonial-carousel\" data-id=\"de62335\" data-element_type=\"widget\" data-settings=\"{&quot;autoplay_speed&quot;:6000,&quot;show_arrows&quot;:&quot;yes&quot;,&quot;pagination&quot;:&quot;bullets&quot;,&quot;speed&quot;:500,&quot;autoplay&quot;:&quot;yes&quot;,&quot;loop&quot;:&quot;yes&quot;,&quot;pause_on_hover&quot;:&quot;yes&quot;,&quot;pause_on_interaction&quot;:&quot;yes&quot;,&quot;space_between&quot;:{&quot;unit&quot;:&quot;px&quot;,&quot;size&quot;:10,&quot;sizes&quot;:[]},&quot;space_between_tablet&quot;:{&quot;unit&quot;:&quot;px&quot;,&quot;size&quot;:10,&quot;sizes&quot;:[]},&quot;space_between_mobile&quot;:{&quot;unit&quot;:&quot;px&quot;,&quot;size&quot;:10,&quot;sizes&quot;:[]}}\" data-widget_type=\"testimonial-carousel.default\">\n\t\t\t\t<div class=\"elementor-widget-container\">\n\t\t\t\t\t\t\t\t\t<div class=\"elementor-swiper\">\n\t\t\t\t\t<div class=\"elementor-main-swiper swiper\" role=\"region\" aria-roledescription=\"carousel\" aria-label=\"Slides\">\n\t\t\t\t<div class=\"swiper-wrapper\">\n\t\t\t\t\t\t\t\t\t\t\t<div class=\"swiper-slide\" role=\"group\" aria-roledescription=\"slide\">\n\t\t\t\t\t\t\t\t\t<div class=\"elementor-testimonial\">\n\t\t\t\t\t\t\t<div class=\"elementor-testimonial__content\">\n\t\t\t\t\t<div class=\"elementor-testimonial__text\">\n\t\t\t\t\t\tNous avons fortement appr\u00e9ci\u00e9 le support inspirant d\u2019Ingrid dans nos r\u00e9flexions sur notre Culture Talent d\u00e9sir\u00e9e. Les \u00e9changes pendant les workshops online \u00e9taient enrichissants et nous ont clarifi\u00e9 la voie \u00e0 suivre pour le futur au niveau de notre approche du processus Talent Review\t\t\t\t\t<\/div>\n\t\t\t\t\t\t\t\t\t<\/div>\n\t\t\t\t\t\t<div class=\"elementor-testimonial__footer\">\n\t\t\t\t\t\t\t\t\t<div class=\"elementor-testimonial__image\">\n\t\t\t\t\t\t<img decoding=\"async\" src=\"https:\/\/www.hrwheelworks.be\/wp-content\/uploads\/2020\/06\/logo-AXA.png\" alt=\"Caroline Plichart\">\n\t\t\t\t\t\t\t\t\t\t\t<\/div>\n\t\t\t\t\t\t\t\t<cite class=\"elementor-testimonial__cite\"><span class=\"elementor-testimonial__name\">Caroline Plichart<\/span><span class=\"elementor-testimonial__title\">Directeur Talent AXA<\/span><\/cite>\t\t\t<\/div>\n\t\t<\/div>\n\t\t\t\t\t\t\t\t<\/div>\n\t\t\t\t\t\t\t\t\t\t\t<div class=\"swiper-slide\" role=\"group\" aria-roledescription=\"slide\">\n\t\t\t\t\t\t\t\t\t<div class=\"elementor-testimonial\">\n\t\t\t\t\t\t\t<div class=\"elementor-testimonial__content\">\n\t\t\t\t\t<div class=\"elementor-testimonial__text\">\n\t\t\t\t\t\tNous avons fortement appr\u00e9ci\u00e9 le support inspirant d\u2019Ingrid dans nos r\u00e9flexions sur notre Culture Talent d\u00e9sir\u00e9e. Les \u00e9changes pendant les workshops online \u00e9taient enrichissants et nous ont clarifi\u00e9 la voie \u00e0 suivre pour le futur au niveau de notre approche du processus Talent Review\t\t\t\t\t<\/div>\n\t\t\t\t\t\t\t\t\t<\/div>\n\t\t\t\t\t\t<div class=\"elementor-testimonial__footer\">\n\t\t\t\t\t\t\t\t\t<div class=\"elementor-testimonial__image\">\n\t\t\t\t\t\t<img decoding=\"async\" src=\"https:\/\/www.hrwheelworks.be\/wp-content\/uploads\/2020\/06\/logo-AXA.png\" alt=\"Caroline Plichart\">\n\t\t\t\t\t\t\t\t\t\t\t<\/div>\n\t\t\t\t\t\t\t\t<cite class=\"elementor-testimonial__cite\"><span class=\"elementor-testimonial__name\">Caroline Plichart<\/span><span class=\"elementor-testimonial__title\">Directeur Talent AXA<\/span><\/cite>\t\t\t<\/div>\n\t\t<\/div>\n\t\t\t\t\t\t\t\t<\/div>\n\t\t\t\t\t\t\t\t\t\t\t<div class=\"swiper-slide\" role=\"group\" aria-roledescription=\"slide\">\n\t\t\t\t\t\t\t\t\t<div class=\"elementor-testimonial\">\n\t\t\t\t\t\t\t<div class=\"elementor-testimonial__content\">\n\t\t\t\t\t<div class=\"elementor-testimonial__text\">\n\t\t\t\t\t\tNous avons fortement appr\u00e9ci\u00e9 le support inspirant d\u2019Ingrid dans nos r\u00e9flexions sur notre Culture Talent d\u00e9sir\u00e9e. Les \u00e9changes pendant les workshops online \u00e9taient enrichissants et nous ont clarifi\u00e9 la voie \u00e0 suivre pour le futur au niveau de notre approche du processus Talent Review\t\t\t\t\t<\/div>\n\t\t\t\t\t\t\t\t\t<\/div>\n\t\t\t\t\t\t<div class=\"elementor-testimonial__footer\">\n\t\t\t\t\t\t\t\t\t<div class=\"elementor-testimonial__image\">\n\t\t\t\t\t\t<img decoding=\"async\" src=\"https:\/\/www.hrwheelworks.be\/wp-content\/uploads\/2020\/06\/logo-AXA.png\" alt=\"Caroline Plichart\">\n\t\t\t\t\t\t\t\t\t\t\t<\/div>\n\t\t\t\t\t\t\t\t<cite class=\"elementor-testimonial__cite\"><span class=\"elementor-testimonial__name\">Caroline Plichart<\/span><span class=\"elementor-testimonial__title\">Directeur Talent AXA<\/span><\/cite>\t\t\t<\/div>\n\t\t<\/div>\n\t\t\t\t\t\t\t\t<\/div>\n\t\t\t\t\t\t\t\t\t<\/div>\n\t\t\t\t\t\t\t\t\t\t\t\t\t\t\t<div class=\"elementor-swiper-button elementor-swiper-button-prev\" role=\"button\" tabindex=\"0\" aria-label=\"Vorige\">\n\t\t\t\t\t\t\t<i aria-hidden=\"true\" class=\"eicon-chevron-left\"><\/i>\t\t\t\t\t\t<\/div>\n\t\t\t\t\t\t<div class=\"elementor-swiper-button elementor-swiper-button-next\" role=\"button\" tabindex=\"0\" aria-label=\"Volgende\">\n\t\t\t\t\t\t\t<i aria-hidden=\"true\" class=\"eicon-chevron-right\"><\/i>\t\t\t\t\t\t<\/div>\n\t\t\t\t\t\t\t\t\t\t\t\t\t\t\t\t<div class=\"swiper-pagination\"><\/div>\n\t\t\t\t\t\t\t\t\t\t\t\t<\/div>\n\t\t\t\t<\/div>\n\t\t\t\t\t\t\t\t<\/div>\n\t\t\t\t<\/div>\n\t\t\t\t\t<\/div>\n\t\t<\/div>\n\t\t\t\t\t<\/div>\n\t\t<\/section>\n\t\t\t\t<\/div>\n\t\t","protected":false},"excerpt":{"rendered":"<p>Talent ManagementAdvies \u00a0 Wij luisteren, werken voorstellen uit, geven advies, bieden een klankbord, ondersteunen bij de implementatie, trainen leidinggevenden, faciliteren de Talent Review Meeting, bereiden jouw communicatie voor, \u2026 Uitdagingen waar wij samen een antwoord op zoeken: vertalen van nieuwe business strategie naar Talent Management keuzes welk Talent Verhaal willen we vertellen aan onze medewerkers? [&hellip;]<\/p>\n","protected":false},"author":1,"featured_media":0,"parent":784,"menu_order":0,"comment_status":"closed","ping_status":"closed","template":"","meta":{"_acf_changed":false,"inline_featured_image":false,"footnotes":""},"class_list":["post-786","page","type-page","status-publish","hentry"],"acf":[],"yoast_head":"<!-- This site is optimized with the Yoast SEO plugin v27.0 - https:\/\/yoast.com\/product\/yoast-seo-wordpress\/ -->\n<title>Talent Management advies - HR Wheelworks<\/title>\n<meta name=\"robots\" content=\"index, follow, max-snippet:-1, max-image-preview:large, max-video-preview:-1\" \/>\n<link rel=\"canonical\" href=\"https:\/\/www.hrwheelworks.be\/nl\/aanbod\/talent-management-advies\/\" \/>\n<meta property=\"og:locale\" content=\"nl_NL\" \/>\n<meta property=\"og:type\" content=\"article\" \/>\n<meta property=\"og:title\" content=\"Talent Management advies - HR Wheelworks\" \/>\n<meta property=\"og:description\" content=\"Talent ManagementAdvies \u00a0 Wij luisteren, werken voorstellen uit, geven advies, bieden een klankbord, ondersteunen bij de implementatie, trainen leidinggevenden, faciliteren de Talent Review Meeting, bereiden jouw communicatie voor, \u2026 Uitdagingen waar wij samen een antwoord op zoeken: vertalen van nieuwe business strategie naar Talent Management keuzes welk Talent Verhaal willen we vertellen aan onze medewerkers? [&hellip;]\" \/>\n<meta property=\"og:url\" content=\"https:\/\/www.hrwheelworks.be\/nl\/aanbod\/talent-management-advies\/\" \/>\n<meta property=\"og:site_name\" content=\"HR Wheelworks\" \/>\n<meta property=\"article:modified_time\" content=\"2025-06-26T13:39:03+00:00\" \/>\n<meta property=\"og:image\" content=\"https:\/\/www.hrwheelworks.be\/wp-content\/uploads\/2023\/12\/Geoptimaliseerde-website-toegang-scaled-e1703150021685-1024x1024.jpg\" \/>\n<meta name=\"twitter:card\" content=\"summary_large_image\" \/>\n<meta name=\"twitter:label1\" content=\"Geschatte leestijd\" \/>\n\t<meta name=\"twitter:data1\" content=\"4 minuten\" \/>\n<script type=\"application\/ld+json\" class=\"yoast-schema-graph\">{\"@context\":\"https:\/\/schema.org\",\"@graph\":[{\"@type\":\"WebPage\",\"@id\":\"https:\/\/www.hrwheelworks.be\/nl\/aanbod\/talent-management-advies\/\",\"url\":\"https:\/\/www.hrwheelworks.be\/nl\/aanbod\/talent-management-advies\/\",\"name\":\"Talent Management advies - HR Wheelworks\",\"isPartOf\":{\"@id\":\"https:\/\/www.hrwheelworks.be\/nl\/#website\"},\"primaryImageOfPage\":{\"@id\":\"https:\/\/www.hrwheelworks.be\/nl\/aanbod\/talent-management-advies\/#primaryimage\"},\"image\":{\"@id\":\"https:\/\/www.hrwheelworks.be\/nl\/aanbod\/talent-management-advies\/#primaryimage\"},\"thumbnailUrl\":\"https:\/\/www.hrwheelworks.be\/wp-content\/uploads\/2023\/12\/Geoptimaliseerde-website-toegang-scaled-e1703150021685-1024x1024.jpg\",\"datePublished\":\"2020-04-03T10:06:14+00:00\",\"dateModified\":\"2025-06-26T13:39:03+00:00\",\"breadcrumb\":{\"@id\":\"https:\/\/www.hrwheelworks.be\/nl\/aanbod\/talent-management-advies\/#breadcrumb\"},\"inLanguage\":\"nl-NL\",\"potentialAction\":[{\"@type\":\"ReadAction\",\"target\":[\"https:\/\/www.hrwheelworks.be\/nl\/aanbod\/talent-management-advies\/\"]}]},{\"@type\":\"ImageObject\",\"inLanguage\":\"nl-NL\",\"@id\":\"https:\/\/www.hrwheelworks.be\/nl\/aanbod\/talent-management-advies\/#primaryimage\",\"url\":\"https:\/\/www.hrwheelworks.be\/wp-content\/uploads\/2023\/12\/Geoptimaliseerde-website-toegang-scaled-e1703150021685-1024x1024.jpg\",\"contentUrl\":\"https:\/\/www.hrwheelworks.be\/wp-content\/uploads\/2023\/12\/Geoptimaliseerde-website-toegang-scaled-e1703150021685-1024x1024.jpg\"},{\"@type\":\"BreadcrumbList\",\"@id\":\"https:\/\/www.hrwheelworks.be\/nl\/aanbod\/talent-management-advies\/#breadcrumb\",\"itemListElement\":[{\"@type\":\"ListItem\",\"position\":1,\"name\":\"Home\",\"item\":\"https:\/\/www.hrwheelworks.be\/nl\/\"},{\"@type\":\"ListItem\",\"position\":2,\"name\":\"Aanbod\",\"item\":\"https:\/\/www.hrwheelworks.be\/nl\/aanbod\/\"},{\"@type\":\"ListItem\",\"position\":3,\"name\":\"Talent Management advies\"}]},{\"@type\":\"WebSite\",\"@id\":\"https:\/\/www.hrwheelworks.be\/nl\/#website\",\"url\":\"https:\/\/www.hrwheelworks.be\/nl\/\",\"name\":\"HR Wheelworks\",\"description\":\"\",\"publisher\":{\"@id\":\"https:\/\/www.hrwheelworks.be\/nl\/#organization\"},\"potentialAction\":[{\"@type\":\"SearchAction\",\"target\":{\"@type\":\"EntryPoint\",\"urlTemplate\":\"https:\/\/www.hrwheelworks.be\/nl\/?s={search_term_string}\"},\"query-input\":{\"@type\":\"PropertyValueSpecification\",\"valueRequired\":true,\"valueName\":\"search_term_string\"}}],\"inLanguage\":\"nl-NL\"},{\"@type\":\"Organization\",\"@id\":\"https:\/\/www.hrwheelworks.be\/nl\/#organization\",\"name\":\"HR Wheelworks\",\"url\":\"https:\/\/www.hrwheelworks.be\/nl\/\",\"logo\":{\"@type\":\"ImageObject\",\"inLanguage\":\"nl-NL\",\"@id\":\"https:\/\/www.hrwheelworks.be\/nl\/#\/schema\/logo\/image\/\",\"url\":\"https:\/\/www.hrwheelworks.be\/wp-content\/uploads\/2020\/03\/HRWheelworks-logo.svg\",\"contentUrl\":\"https:\/\/www.hrwheelworks.be\/wp-content\/uploads\/2020\/03\/HRWheelworks-logo.svg\",\"width\":986,\"height\":247,\"caption\":\"HR Wheelworks\"},\"image\":{\"@id\":\"https:\/\/www.hrwheelworks.be\/nl\/#\/schema\/logo\/image\/\"}}]}<\/script>\n<!-- \/ Yoast SEO plugin. -->","yoast_head_json":{"title":"Talent Management advies - HR Wheelworks","robots":{"index":"index","follow":"follow","max-snippet":"max-snippet:-1","max-image-preview":"max-image-preview:large","max-video-preview":"max-video-preview:-1"},"canonical":"https:\/\/www.hrwheelworks.be\/nl\/aanbod\/talent-management-advies\/","og_locale":"nl_NL","og_type":"article","og_title":"Talent Management advies - HR Wheelworks","og_description":"Talent ManagementAdvies \u00a0 Wij luisteren, werken voorstellen uit, geven advies, bieden een klankbord, ondersteunen bij de implementatie, trainen leidinggevenden, faciliteren de Talent Review Meeting, bereiden jouw communicatie voor, \u2026 Uitdagingen waar wij samen een antwoord op zoeken: vertalen van nieuwe business strategie naar Talent Management keuzes welk Talent Verhaal willen we vertellen aan onze medewerkers? [&hellip;]","og_url":"https:\/\/www.hrwheelworks.be\/nl\/aanbod\/talent-management-advies\/","og_site_name":"HR Wheelworks","article_modified_time":"2025-06-26T13:39:03+00:00","og_image":[{"url":"https:\/\/www.hrwheelworks.be\/wp-content\/uploads\/2023\/12\/Geoptimaliseerde-website-toegang-scaled-e1703150021685-1024x1024.jpg","type":"","width":"","height":""}],"twitter_card":"summary_large_image","twitter_misc":{"Geschatte leestijd":"4 minuten"},"schema":{"@context":"https:\/\/schema.org","@graph":[{"@type":"WebPage","@id":"https:\/\/www.hrwheelworks.be\/nl\/aanbod\/talent-management-advies\/","url":"https:\/\/www.hrwheelworks.be\/nl\/aanbod\/talent-management-advies\/","name":"Talent Management advies - HR Wheelworks","isPartOf":{"@id":"https:\/\/www.hrwheelworks.be\/nl\/#website"},"primaryImageOfPage":{"@id":"https:\/\/www.hrwheelworks.be\/nl\/aanbod\/talent-management-advies\/#primaryimage"},"image":{"@id":"https:\/\/www.hrwheelworks.be\/nl\/aanbod\/talent-management-advies\/#primaryimage"},"thumbnailUrl":"https:\/\/www.hrwheelworks.be\/wp-content\/uploads\/2023\/12\/Geoptimaliseerde-website-toegang-scaled-e1703150021685-1024x1024.jpg","datePublished":"2020-04-03T10:06:14+00:00","dateModified":"2025-06-26T13:39:03+00:00","breadcrumb":{"@id":"https:\/\/www.hrwheelworks.be\/nl\/aanbod\/talent-management-advies\/#breadcrumb"},"inLanguage":"nl-NL","potentialAction":[{"@type":"ReadAction","target":["https:\/\/www.hrwheelworks.be\/nl\/aanbod\/talent-management-advies\/"]}]},{"@type":"ImageObject","inLanguage":"nl-NL","@id":"https:\/\/www.hrwheelworks.be\/nl\/aanbod\/talent-management-advies\/#primaryimage","url":"https:\/\/www.hrwheelworks.be\/wp-content\/uploads\/2023\/12\/Geoptimaliseerde-website-toegang-scaled-e1703150021685-1024x1024.jpg","contentUrl":"https:\/\/www.hrwheelworks.be\/wp-content\/uploads\/2023\/12\/Geoptimaliseerde-website-toegang-scaled-e1703150021685-1024x1024.jpg"},{"@type":"BreadcrumbList","@id":"https:\/\/www.hrwheelworks.be\/nl\/aanbod\/talent-management-advies\/#breadcrumb","itemListElement":[{"@type":"ListItem","position":1,"name":"Home","item":"https:\/\/www.hrwheelworks.be\/nl\/"},{"@type":"ListItem","position":2,"name":"Aanbod","item":"https:\/\/www.hrwheelworks.be\/nl\/aanbod\/"},{"@type":"ListItem","position":3,"name":"Talent Management advies"}]},{"@type":"WebSite","@id":"https:\/\/www.hrwheelworks.be\/nl\/#website","url":"https:\/\/www.hrwheelworks.be\/nl\/","name":"HR Wheelworks","description":"","publisher":{"@id":"https:\/\/www.hrwheelworks.be\/nl\/#organization"},"potentialAction":[{"@type":"SearchAction","target":{"@type":"EntryPoint","urlTemplate":"https:\/\/www.hrwheelworks.be\/nl\/?s={search_term_string}"},"query-input":{"@type":"PropertyValueSpecification","valueRequired":true,"valueName":"search_term_string"}}],"inLanguage":"nl-NL"},{"@type":"Organization","@id":"https:\/\/www.hrwheelworks.be\/nl\/#organization","name":"HR Wheelworks","url":"https:\/\/www.hrwheelworks.be\/nl\/","logo":{"@type":"ImageObject","inLanguage":"nl-NL","@id":"https:\/\/www.hrwheelworks.be\/nl\/#\/schema\/logo\/image\/","url":"https:\/\/www.hrwheelworks.be\/wp-content\/uploads\/2020\/03\/HRWheelworks-logo.svg","contentUrl":"https:\/\/www.hrwheelworks.be\/wp-content\/uploads\/2020\/03\/HRWheelworks-logo.svg","width":986,"height":247,"caption":"HR Wheelworks"},"image":{"@id":"https:\/\/www.hrwheelworks.be\/nl\/#\/schema\/logo\/image\/"}}]}},"_links":{"self":[{"href":"https:\/\/www.hrwheelworks.be\/nl\/wp-json\/wp\/v2\/pages\/786","targetHints":{"allow":["GET"]}}],"collection":[{"href":"https:\/\/www.hrwheelworks.be\/nl\/wp-json\/wp\/v2\/pages"}],"about":[{"href":"https:\/\/www.hrwheelworks.be\/nl\/wp-json\/wp\/v2\/types\/page"}],"author":[{"embeddable":true,"href":"https:\/\/www.hrwheelworks.be\/nl\/wp-json\/wp\/v2\/users\/1"}],"replies":[{"embeddable":true,"href":"https:\/\/www.hrwheelworks.be\/nl\/wp-json\/wp\/v2\/comments?post=786"}],"version-history":[{"count":48,"href":"https:\/\/www.hrwheelworks.be\/nl\/wp-json\/wp\/v2\/pages\/786\/revisions"}],"predecessor-version":[{"id":2791,"href":"https:\/\/www.hrwheelworks.be\/nl\/wp-json\/wp\/v2\/pages\/786\/revisions\/2791"}],"up":[{"embeddable":true,"href":"https:\/\/www.hrwheelworks.be\/nl\/wp-json\/wp\/v2\/pages\/784"}],"wp:attachment":[{"href":"https:\/\/www.hrwheelworks.be\/nl\/wp-json\/wp\/v2\/media?parent=786"}],"curies":[{"name":"wp","href":"https:\/\/api.w.org\/{rel}","templated":true}]}}