{"id":788,"date":"2020-04-06T11:12:36","date_gmt":"2020-04-06T09:12:36","guid":{"rendered":"https:\/\/www.hrwheelworks.be\/services\/workshops\/"},"modified":"2024-01-08T15:53:21","modified_gmt":"2024-01-08T13:53:21","slug":"workshops","status":"publish","type":"page","link":"https:\/\/www.hrwheelworks.be\/nl\/aanbod\/workshops\/","title":{"rendered":"Workshops"},"content":{"rendered":"\t\t<div data-elementor-type=\"wp-page\" data-elementor-id=\"788\" class=\"elementor elementor-788 elementor-555\" data-elementor-post-type=\"page\">\n\t\t\t\t\t\t<section class=\"elementor-section elementor-top-section elementor-element elementor-element-1ae6d0c5 elementor-section-boxed elementor-section-height-default elementor-section-height-default\" data-id=\"1ae6d0c5\" data-element_type=\"section\">\n\t\t\t\t\t\t<div class=\"elementor-container elementor-column-gap-default\">\n\t\t\t\t\t<div class=\"aux-parallax-section elementor-column elementor-col-100 elementor-top-column elementor-element elementor-element-4cea6d9a\" data-id=\"4cea6d9a\" data-element_type=\"column\">\n\t\t\t<div class=\"elementor-widget-wrap elementor-element-populated\">\n\t\t\t\t\t\t<div class=\"elementor-element elementor-element-5d20b274 elementor-widget elementor-widget-aux_modern_heading\" data-id=\"5d20b274\" data-element_type=\"widget\" data-widget_type=\"aux_modern_heading.default\">\n\t\t\t\t<div class=\"elementor-widget-container\">\n\t\t\t\t\t<section class=\"aux-widget-modern-heading\">\n            <div class=\"aux-widget-inner\"><h2 class=\"aux-modern-heading-primary\"><\/h2><h1 class=\"aux-modern-heading-secondary\"><span class=\"aux-head-before\">Ontdek onze<\/span><span class=\"aux-head-highlight\">workshops<\/span><\/h1><\/div>\n        <\/section>\t\t\t\t<\/div>\n\t\t\t\t<\/div>\n\t\t\t\t\t<\/div>\n\t\t<\/div>\n\t\t\t\t\t<\/div>\n\t\t<\/section>\n\t\t\t\t<section class=\"elementor-section elementor-top-section elementor-element elementor-element-76e190b2 elementor-section-boxed elementor-section-height-default elementor-section-height-default\" data-id=\"76e190b2\" data-element_type=\"section\">\n\t\t\t\t\t\t<div class=\"elementor-container elementor-column-gap-extended\">\n\t\t\t\t\t<div class=\"aux-parallax-section elementor-column elementor-col-50 elementor-top-column elementor-element elementor-element-127a9848 aux-appear-watch-animation aux-fade-in-right\" data-id=\"127a9848\" data-element_type=\"column\">\n\t\t\t<div class=\"elementor-widget-wrap elementor-element-populated\">\n\t\t\t\t\t\t<div class=\"elementor-element elementor-element-10341da elementor-widget elementor-widget-text-editor\" data-id=\"10341da\" data-element_type=\"widget\" data-widget_type=\"text-editor.default\">\n\t\t\t\t<div class=\"elementor-widget-container\">\n\t\t\t\t\t\t\t\t\t<p>Elke workshop wordt <strong>op maat<\/strong> van de noden van jouw organisatie ontwikkeld. Wij faciliteren workshops in het Nederlands, Frans en Engels.<\/p><p>Enkele voorbeelden van recente workshops:<\/p><p><span style=\"color: #2f4c63;\"><em><strong>Voor leidinggevenden<\/strong><\/em><\/span><\/p><ul><li>Hoe bereid ik mij voor op de Talent Review Meeting?<\/li><li>Bouwen aan een gedeeld begrip van criteria zoals potentieel, vertrekrisico, top prestatie, &#8230;\u00a0<\/li><li>Hoe geef ik talenten feedback\u00a0 over hun potentieel na de Talent Review Meeting?<\/li><li>Hoe voer ik een kwalitatief ontwikkelingsgesprek met een high potential?<br \/>&#8230;<\/li><\/ul><p><span style=\"color: #2f4c63;\"><em><strong>Voor HR Professionals<\/strong><\/em><\/span><\/p><ul><li>Succesvol en professioneel faciliteren van de Talent Review Meeting.<\/li><li>Welk transparantie niveau streven we na voor het Talent Review proces?<\/li><li>Hoe maak ik de business case voor een succession management aanpak?<br \/>&#8230;<\/li><\/ul><p><strong><em>Voor medewerkers<\/em><\/strong><\/p><ul><li>Hoe cre\u00eber ik een effectief ontwikkelingsplan?<\/li><li>Ontdek en versterk jouw loopbaanvaardigheden.<\/li><li>Hoe bereid ik mij voor op een loopbaangesprek?<\/li><li>&#8230;<\/li><\/ul>\t\t\t\t\t\t\t\t<\/div>\n\t\t\t\t<\/div>\n\t\t\t\t<div class=\"elementor-element elementor-element-2afa7c4 aux-appear-watch-animation aux-fade-in-up elementor-widget elementor-widget-aux_button\" data-id=\"2afa7c4\" data-element_type=\"widget\" data-widget_type=\"aux_button.default\">\n\t\t\t\t<div class=\"elementor-widget-container\">\n\t\t\t\t\t<a  href=\"\/nl\/contact\/\" target=\"_self\"   class=\"aux-button aux-medium aux-carmine-pink aux-curve aux-none aux-uppercase\" ><span class=\"aux-overlay\"><\/span><span class=\"aux-text\">Ik heb interesse<\/span><\/a>\t\t\t\t<\/div>\n\t\t\t\t<\/div>\n\t\t\t\t\t<\/div>\n\t\t<\/div>\n\t\t\t\t<div class=\"aux-parallax-section elementor-column elementor-col-50 elementor-top-column elementor-element elementor-element-60483d84\" data-id=\"60483d84\" data-element_type=\"column\">\n\t\t\t<div class=\"elementor-widget-wrap elementor-element-populated\">\n\t\t\t\t\t\t<div class=\"elementor-element elementor-element-23f8e662 elementor-widget elementor-widget-image\" data-id=\"23f8e662\" data-element_type=\"widget\" data-widget_type=\"image.default\">\n\t\t\t\t<div class=\"elementor-widget-container\">\n\t\t\t\t\t\t\t\t\t\t\t\t\t\t\t<img fetchpriority=\"high\" decoding=\"async\" width=\"1024\" height=\"1024\" src=\"https:\/\/www.hrwheelworks.be\/wp-content\/uploads\/2023\/12\/Jonge-zakelijke-werkers-notities-1024x1024.jpg\" class=\"attachment-large size-large wp-image-2224\" alt=\"\" srcset=\"https:\/\/www.hrwheelworks.be\/wp-content\/uploads\/2023\/12\/Jonge-zakelijke-werkers-notities-1024x1024.jpg 1024w, https:\/\/www.hrwheelworks.be\/wp-content\/uploads\/2023\/12\/Jonge-zakelijke-werkers-notities-300x300.jpg 300w, https:\/\/www.hrwheelworks.be\/wp-content\/uploads\/2023\/12\/Jonge-zakelijke-werkers-notities-150x150.jpg 150w, https:\/\/www.hrwheelworks.be\/wp-content\/uploads\/2023\/12\/Jonge-zakelijke-werkers-notities-768x768.jpg 768w\" sizes=\"(max-width: 1024px) 100vw, 1024px\" \/>\t\t\t\t\t\t\t\t\t\t\t\t\t\t\t<\/div>\n\t\t\t\t<\/div>\n\t\t\t\t\t<\/div>\n\t\t<\/div>\n\t\t\t\t\t<\/div>\n\t\t<\/section>\n\t\t\t\t<section class=\"elementor-section elementor-top-section elementor-element elementor-element-81e1a73 elementor-section-full_width elementor-section-stretched elementor-section-height-default elementor-section-height-default\" data-id=\"81e1a73\" data-element_type=\"section\" data-settings=\"{&quot;background_background&quot;:&quot;classic&quot;,&quot;stretch_section&quot;:&quot;section-stretched&quot;}\">\n\t\t\t\t\t\t\t<div class=\"elementor-background-overlay\"><\/div>\n\t\t\t\t\t\t\t<div class=\"elementor-container elementor-column-gap-default\">\n\t\t\t\t\t<div class=\"aux-parallax-section elementor-column elementor-col-100 elementor-top-column elementor-element elementor-element-aba9706\" data-id=\"aba9706\" data-element_type=\"column\">\n\t\t\t<div class=\"elementor-widget-wrap elementor-element-populated\">\n\t\t\t\t\t\t<div class=\"elementor-element elementor-element-189d8a6 elementor-testimonial--skin-default elementor-testimonial--layout-image_inline elementor-testimonial--align-center elementor-arrows-yes elementor-pagination-type-bullets elementor-widget elementor-widget-testimonial-carousel\" data-id=\"189d8a6\" data-element_type=\"widget\" data-settings=\"{&quot;autoplay_speed&quot;:6000,&quot;show_arrows&quot;:&quot;yes&quot;,&quot;pagination&quot;:&quot;bullets&quot;,&quot;speed&quot;:500,&quot;autoplay&quot;:&quot;yes&quot;,&quot;loop&quot;:&quot;yes&quot;,&quot;pause_on_hover&quot;:&quot;yes&quot;,&quot;pause_on_interaction&quot;:&quot;yes&quot;,&quot;space_between&quot;:{&quot;unit&quot;:&quot;px&quot;,&quot;size&quot;:10,&quot;sizes&quot;:[]},&quot;space_between_tablet&quot;:{&quot;unit&quot;:&quot;px&quot;,&quot;size&quot;:10,&quot;sizes&quot;:[]},&quot;space_between_mobile&quot;:{&quot;unit&quot;:&quot;px&quot;,&quot;size&quot;:10,&quot;sizes&quot;:[]}}\" data-widget_type=\"testimonial-carousel.default\">\n\t\t\t\t<div class=\"elementor-widget-container\">\n\t\t\t\t\t\t\t\t\t<div class=\"elementor-swiper\">\n\t\t\t\t\t<div class=\"elementor-main-swiper swiper\" role=\"region\" aria-roledescription=\"carousel\" aria-label=\"Slides\">\n\t\t\t\t<div class=\"swiper-wrapper\">\n\t\t\t\t\t\t\t\t\t\t\t<div class=\"swiper-slide\" role=\"group\" aria-roledescription=\"slide\">\n\t\t\t\t\t\t\t\t\t<div class=\"elementor-testimonial\">\n\t\t\t\t\t\t\t<div class=\"elementor-testimonial__content\">\n\t\t\t\t\t<div class=\"elementor-testimonial__text\">\n\t\t\t\t\t\tNous avons fortement appr\u00e9ci\u00e9 le support inspirant d\u2019Ingrid dans nos r\u00e9flexions sur notre Culture Talent d\u00e9sir\u00e9e. Les \u00e9changes pendant les workshops online \u00e9taient enrichissants et nous ont clarifi\u00e9 la voie \u00e0 suivre pour le futur au niveau de notre approche du processus Talent Review\t\t\t\t\t<\/div>\n\t\t\t\t\t\t\t\t\t<\/div>\n\t\t\t\t\t\t<div class=\"elementor-testimonial__footer\">\n\t\t\t\t\t\t\t\t\t<div class=\"elementor-testimonial__image\">\n\t\t\t\t\t\t<img decoding=\"async\" src=\"https:\/\/www.hrwheelworks.be\/wp-content\/uploads\/2023\/12\/logo-AXA.png\" alt=\"Caroline Plichart\">\n\t\t\t\t\t\t\t\t\t\t\t<\/div>\n\t\t\t\t\t\t\t\t<cite class=\"elementor-testimonial__cite\"><span class=\"elementor-testimonial__name\">Caroline Plichart<\/span><span class=\"elementor-testimonial__title\">Directeur Talent AXA<\/span><\/cite>\t\t\t<\/div>\n\t\t<\/div>\n\t\t\t\t\t\t\t\t<\/div>\n\t\t\t\t\t\t\t\t\t\t\t<div class=\"swiper-slide\" role=\"group\" aria-roledescription=\"slide\">\n\t\t\t\t\t\t\t\t\t<div class=\"elementor-testimonial\">\n\t\t\t\t\t\t\t<div class=\"elementor-testimonial__content\">\n\t\t\t\t\t<div class=\"elementor-testimonial__text\">\n\t\t\t\t\t\tWe worked with Ingrid for the fine-tuning of our Talent Review process and the training of our managers. She was instrumental in asking the right questions and pointing out where the process needed to be sharper or improved. She also did an excellent job in preparing our managers to participate in this new process, helping overcome doubts and fears, and proactively proposed a \"just in time\" learning approach. Warmly recommended!\t\t\t\t\t<\/div>\n\t\t\t\t\t\t\t\t\t<\/div>\n\t\t\t\t\t\t<div class=\"elementor-testimonial__footer\">\n\t\t\t\t\t\t\t\t\t<div class=\"elementor-testimonial__image\">\n\t\t\t\t\t\t<img decoding=\"async\" src=\"https:\/\/www.hrwheelworks.be\/wp-content\/uploads\/2023\/12\/HR-Wheelworks-Customer-1.jpg\" alt=\"Siska D\u2019hoore\">\n\t\t\t\t\t\t\t\t\t\t\t<\/div>\n\t\t\t\t\t\t\t\t<cite class=\"elementor-testimonial__cite\"><span class=\"elementor-testimonial__name\">Siska D\u2019hoore<\/span><span class=\"elementor-testimonial__title\">Head of HR Management<\/span><\/cite>\t\t\t<\/div>\n\t\t<\/div>\n\t\t\t\t\t\t\t\t<\/div>\n\t\t\t\t\t\t\t\t\t\t\t<div class=\"swiper-slide\" role=\"group\" aria-roledescription=\"slide\">\n\t\t\t\t\t\t\t\t\t<div class=\"elementor-testimonial\">\n\t\t\t\t\t\t\t<div class=\"elementor-testimonial__content\">\n\t\t\t\t\t<div class=\"elementor-testimonial__text\">\n\t\t\t\t\t\tDe training \u2018Meer Business impact met de Talent Review\u2019 heeft mij de essenti\u00eble tools en inzichten geboden om een doeltreffende Talent Review op te zetten.\n\nNiet enkel theorie, maar ook praktische toepassing komt aan bod, waardoor je direct aan de slag kunt met wat je hebt geleerd.\n\nOns management team heeft ook mede hierdoor, het Talent Review plan goed ontvangen.\t\t\t\t\t<\/div>\n\t\t\t\t\t\t\t\t\t<\/div>\n\t\t\t\t\t\t<div class=\"elementor-testimonial__footer\">\n\t\t\t\t\t\t\t\t\t<div class=\"elementor-testimonial__image\">\n\t\t\t\t\t\t<img decoding=\"async\" src=\"https:\/\/www.hrwheelworks.be\/wp-content\/uploads\/2023\/12\/tno-1.jpg\" alt=\"Jaap de Vries\">\n\t\t\t\t\t\t\t\t\t\t\t<\/div>\n\t\t\t\t\t\t\t\t<cite class=\"elementor-testimonial__cite\"><span class=\"elementor-testimonial__name\">Jaap de Vries<\/span><span class=\"elementor-testimonial__title\">HR manager TNO High Tech Industry<\/span><\/cite>\t\t\t<\/div>\n\t\t<\/div>\n\t\t\t\t\t\t\t\t<\/div>\n\t\t\t\t\t\t\t\t\t\t\t<div class=\"swiper-slide\" role=\"group\" aria-roledescription=\"slide\">\n\t\t\t\t\t\t\t\t\t<div class=\"elementor-testimonial\">\n\t\t\t\t\t\t\t<div class=\"elementor-testimonial__content\">\n\t\t\t\t\t<div class=\"elementor-testimonial__text\">\n\t\t\t\t\t\tOnze syndicale partners en leidinggevenden formuleerden samen een concreet actieplan voor het versterken van duurzaam loopbaanbeleid binnen VDAB.\n\nDe doeltreffende begeleiding door Ingrid De Backer speelde een belangrijke rol in het rijpen van de inzichten en het begeleiden naar gemeenschappelijke doelen en acties.\t\t\t\t\t<\/div>\n\t\t\t\t\t\t\t\t\t<\/div>\n\t\t\t\t\t\t<div class=\"elementor-testimonial__footer\">\n\t\t\t\t\t\t\t\t\t<div class=\"elementor-testimonial__image\">\n\t\t\t\t\t\t<img decoding=\"async\" src=\"https:\/\/www.hrwheelworks.be\/wp-content\/uploads\/2023\/12\/vdab-logo-1.jpg\" alt=\"Inge Deblaere\">\n\t\t\t\t\t\t\t\t\t\t\t<\/div>\n\t\t\t\t\t\t\t\t<cite class=\"elementor-testimonial__cite\"><span class=\"elementor-testimonial__name\">Inge Deblaere<\/span><span class=\"elementor-testimonial__title\">Personeelsdirecteur VDAB<\/span><\/cite>\t\t\t<\/div>\n\t\t<\/div>\n\t\t\t\t\t\t\t\t<\/div>\n\t\t\t\t\t\t\t\t\t\t\t<div class=\"swiper-slide\" role=\"group\" aria-roledescription=\"slide\">\n\t\t\t\t\t\t\t\t\t<div class=\"elementor-testimonial\">\n\t\t\t\t\t\t\t<div class=\"elementor-testimonial__content\">\n\t\t\t\t\t<div class=\"elementor-testimonial__text\">\n\t\t\t\t\t\tAs the project lead of a global project team, Ingrid implemented 1 global Talent Review & Succession Management approach.\n\nIn order to succeed she had to align a multitude of HR and business views on Talent and Succession Mgmt. Ingrid\u2019s pragmatic and solution-oriented approach made this possible. All of our 80 senior HR Business partners were delighted by the training she gave to align them on 1 global approach. Implementation in all of our divisions globally has been a big success.\n\nA human-oriented and transparent collaboration.\t\t\t\t\t<\/div>\n\t\t\t\t\t\t\t\t\t<\/div>\n\t\t\t\t\t\t<div class=\"elementor-testimonial__footer\">\n\t\t\t\t\t\t\t\t\t<div class=\"elementor-testimonial__image\">\n\t\t\t\t\t\t<img decoding=\"async\" src=\"https:\/\/www.hrwheelworks.be\/wp-content\/uploads\/2023\/12\/logo_Huntsman-1.png\" alt=\"Sandra Hoeylaerts\">\n\t\t\t\t\t\t\t\t\t\t\t<\/div>\n\t\t\t\t\t\t\t\t<cite class=\"elementor-testimonial__cite\"><span class=\"elementor-testimonial__name\">Sandra Hoeylaerts<\/span><span class=\"elementor-testimonial__title\">Talent Director bij Huntsman<\/span><\/cite>\t\t\t<\/div>\n\t\t<\/div>\n\t\t\t\t\t\t\t\t<\/div>\n\t\t\t\t\t\t\t\t\t<\/div>\n\t\t\t\t\t\t\t\t\t\t\t\t\t\t\t<div class=\"elementor-swiper-button elementor-swiper-button-prev\" role=\"button\" tabindex=\"0\" aria-label=\"Vorige\">\n\t\t\t\t\t\t\t<i aria-hidden=\"true\" class=\"eicon-chevron-left\"><\/i>\t\t\t\t\t\t<\/div>\n\t\t\t\t\t\t<div class=\"elementor-swiper-button elementor-swiper-button-next\" role=\"button\" tabindex=\"0\" aria-label=\"Volgende\">\n\t\t\t\t\t\t\t<i aria-hidden=\"true\" class=\"eicon-chevron-right\"><\/i>\t\t\t\t\t\t<\/div>\n\t\t\t\t\t\t\t\t\t\t\t\t\t\t\t\t<div class=\"swiper-pagination\"><\/div>\n\t\t\t\t\t\t\t\t\t\t\t\t<\/div>\n\t\t\t\t<\/div>\n\t\t\t\t\t\t\t\t<\/div>\n\t\t\t\t<\/div>\n\t\t\t\t\t<\/div>\n\t\t<\/div>\n\t\t\t\t\t<\/div>\n\t\t<\/section>\n\t\t\t\t<\/div>\n\t\t","protected":false},"excerpt":{"rendered":"<p>Ontdek onzeworkshops Elke workshop wordt op maat van de noden van jouw organisatie ontwikkeld. Wij faciliteren workshops in het Nederlands, Frans en Engels. Enkele voorbeelden van recente workshops: Voor leidinggevenden Hoe bereid ik mij voor op de Talent Review Meeting? Bouwen aan een gedeeld begrip van criteria zoals potentieel, vertrekrisico, top prestatie, &#8230;\u00a0 Hoe geef [&hellip;]<\/p>\n","protected":false},"author":1,"featured_media":0,"parent":784,"menu_order":0,"comment_status":"closed","ping_status":"closed","template":"","meta":{"_acf_changed":false,"inline_featured_image":false,"footnotes":""},"class_list":["post-788","page","type-page","status-publish","hentry"],"acf":[],"yoast_head":"<!-- This site is optimized with the Yoast SEO plugin v27.0 - https:\/\/yoast.com\/product\/yoast-seo-wordpress\/ -->\n<title>Workshops - HR Wheelworks<\/title>\n<meta name=\"robots\" content=\"index, follow, max-snippet:-1, max-image-preview:large, max-video-preview:-1\" \/>\n<link rel=\"canonical\" href=\"https:\/\/www.hrwheelworks.be\/nl\/aanbod\/workshops\/\" \/>\n<meta property=\"og:locale\" content=\"nl_NL\" \/>\n<meta property=\"og:type\" content=\"article\" \/>\n<meta property=\"og:title\" content=\"Workshops - HR Wheelworks\" \/>\n<meta property=\"og:description\" content=\"Ontdek onzeworkshops Elke workshop wordt op maat van de noden van jouw organisatie ontwikkeld. Wij faciliteren workshops in het Nederlands, Frans en Engels. Enkele voorbeelden van recente workshops: Voor leidinggevenden Hoe bereid ik mij voor op de Talent Review Meeting? Bouwen aan een gedeeld begrip van criteria zoals potentieel, vertrekrisico, top prestatie, &#8230;\u00a0 Hoe geef [&hellip;]\" \/>\n<meta property=\"og:url\" content=\"https:\/\/www.hrwheelworks.be\/nl\/aanbod\/workshops\/\" \/>\n<meta property=\"og:site_name\" content=\"HR Wheelworks\" \/>\n<meta property=\"article:modified_time\" content=\"2024-01-08T13:53:21+00:00\" \/>\n<meta property=\"og:image\" content=\"https:\/\/www.hrwheelworks.be\/wp-content\/uploads\/2023\/12\/Jonge-zakelijke-werkers-notities-1024x1024.jpg\" \/>\n<meta name=\"twitter:card\" content=\"summary_large_image\" \/>\n<meta name=\"twitter:label1\" content=\"Geschatte leestijd\" \/>\n\t<meta name=\"twitter:data1\" content=\"5 minuten\" \/>\n<script type=\"application\/ld+json\" class=\"yoast-schema-graph\">{\"@context\":\"https:\/\/schema.org\",\"@graph\":[{\"@type\":\"WebPage\",\"@id\":\"https:\/\/www.hrwheelworks.be\/nl\/aanbod\/workshops\/\",\"url\":\"https:\/\/www.hrwheelworks.be\/nl\/aanbod\/workshops\/\",\"name\":\"Workshops - HR Wheelworks\",\"isPartOf\":{\"@id\":\"https:\/\/www.hrwheelworks.be\/nl\/#website\"},\"primaryImageOfPage\":{\"@id\":\"https:\/\/www.hrwheelworks.be\/nl\/aanbod\/workshops\/#primaryimage\"},\"image\":{\"@id\":\"https:\/\/www.hrwheelworks.be\/nl\/aanbod\/workshops\/#primaryimage\"},\"thumbnailUrl\":\"https:\/\/www.hrwheelworks.be\/wp-content\/uploads\/2023\/12\/Jonge-zakelijke-werkers-notities-1024x1024.jpg\",\"datePublished\":\"2020-04-06T09:12:36+00:00\",\"dateModified\":\"2024-01-08T13:53:21+00:00\",\"breadcrumb\":{\"@id\":\"https:\/\/www.hrwheelworks.be\/nl\/aanbod\/workshops\/#breadcrumb\"},\"inLanguage\":\"nl-NL\",\"potentialAction\":[{\"@type\":\"ReadAction\",\"target\":[\"https:\/\/www.hrwheelworks.be\/nl\/aanbod\/workshops\/\"]}]},{\"@type\":\"ImageObject\",\"inLanguage\":\"nl-NL\",\"@id\":\"https:\/\/www.hrwheelworks.be\/nl\/aanbod\/workshops\/#primaryimage\",\"url\":\"https:\/\/www.hrwheelworks.be\/wp-content\/uploads\/2023\/12\/Jonge-zakelijke-werkers-notities-1024x1024.jpg\",\"contentUrl\":\"https:\/\/www.hrwheelworks.be\/wp-content\/uploads\/2023\/12\/Jonge-zakelijke-werkers-notities-1024x1024.jpg\"},{\"@type\":\"BreadcrumbList\",\"@id\":\"https:\/\/www.hrwheelworks.be\/nl\/aanbod\/workshops\/#breadcrumb\",\"itemListElement\":[{\"@type\":\"ListItem\",\"position\":1,\"name\":\"Home\",\"item\":\"https:\/\/www.hrwheelworks.be\/nl\/\"},{\"@type\":\"ListItem\",\"position\":2,\"name\":\"Aanbod\",\"item\":\"https:\/\/www.hrwheelworks.be\/nl\/aanbod\/\"},{\"@type\":\"ListItem\",\"position\":3,\"name\":\"Workshops\"}]},{\"@type\":\"WebSite\",\"@id\":\"https:\/\/www.hrwheelworks.be\/nl\/#website\",\"url\":\"https:\/\/www.hrwheelworks.be\/nl\/\",\"name\":\"HR Wheelworks\",\"description\":\"\",\"publisher\":{\"@id\":\"https:\/\/www.hrwheelworks.be\/nl\/#organization\"},\"potentialAction\":[{\"@type\":\"SearchAction\",\"target\":{\"@type\":\"EntryPoint\",\"urlTemplate\":\"https:\/\/www.hrwheelworks.be\/nl\/?s={search_term_string}\"},\"query-input\":{\"@type\":\"PropertyValueSpecification\",\"valueRequired\":true,\"valueName\":\"search_term_string\"}}],\"inLanguage\":\"nl-NL\"},{\"@type\":\"Organization\",\"@id\":\"https:\/\/www.hrwheelworks.be\/nl\/#organization\",\"name\":\"HR Wheelworks\",\"url\":\"https:\/\/www.hrwheelworks.be\/nl\/\",\"logo\":{\"@type\":\"ImageObject\",\"inLanguage\":\"nl-NL\",\"@id\":\"https:\/\/www.hrwheelworks.be\/nl\/#\/schema\/logo\/image\/\",\"url\":\"https:\/\/www.hrwheelworks.be\/wp-content\/uploads\/2020\/03\/HRWheelworks-logo.svg\",\"contentUrl\":\"https:\/\/www.hrwheelworks.be\/wp-content\/uploads\/2020\/03\/HRWheelworks-logo.svg\",\"width\":986,\"height\":247,\"caption\":\"HR Wheelworks\"},\"image\":{\"@id\":\"https:\/\/www.hrwheelworks.be\/nl\/#\/schema\/logo\/image\/\"}}]}<\/script>\n<!-- \/ Yoast SEO plugin. -->","yoast_head_json":{"title":"Workshops - HR Wheelworks","robots":{"index":"index","follow":"follow","max-snippet":"max-snippet:-1","max-image-preview":"max-image-preview:large","max-video-preview":"max-video-preview:-1"},"canonical":"https:\/\/www.hrwheelworks.be\/nl\/aanbod\/workshops\/","og_locale":"nl_NL","og_type":"article","og_title":"Workshops - HR Wheelworks","og_description":"Ontdek onzeworkshops Elke workshop wordt op maat van de noden van jouw organisatie ontwikkeld. Wij faciliteren workshops in het Nederlands, Frans en Engels. Enkele voorbeelden van recente workshops: Voor leidinggevenden Hoe bereid ik mij voor op de Talent Review Meeting? Bouwen aan een gedeeld begrip van criteria zoals potentieel, vertrekrisico, top prestatie, &#8230;\u00a0 Hoe geef [&hellip;]","og_url":"https:\/\/www.hrwheelworks.be\/nl\/aanbod\/workshops\/","og_site_name":"HR Wheelworks","article_modified_time":"2024-01-08T13:53:21+00:00","og_image":[{"url":"https:\/\/www.hrwheelworks.be\/wp-content\/uploads\/2023\/12\/Jonge-zakelijke-werkers-notities-1024x1024.jpg","type":"","width":"","height":""}],"twitter_card":"summary_large_image","twitter_misc":{"Geschatte leestijd":"5 minuten"},"schema":{"@context":"https:\/\/schema.org","@graph":[{"@type":"WebPage","@id":"https:\/\/www.hrwheelworks.be\/nl\/aanbod\/workshops\/","url":"https:\/\/www.hrwheelworks.be\/nl\/aanbod\/workshops\/","name":"Workshops - HR Wheelworks","isPartOf":{"@id":"https:\/\/www.hrwheelworks.be\/nl\/#website"},"primaryImageOfPage":{"@id":"https:\/\/www.hrwheelworks.be\/nl\/aanbod\/workshops\/#primaryimage"},"image":{"@id":"https:\/\/www.hrwheelworks.be\/nl\/aanbod\/workshops\/#primaryimage"},"thumbnailUrl":"https:\/\/www.hrwheelworks.be\/wp-content\/uploads\/2023\/12\/Jonge-zakelijke-werkers-notities-1024x1024.jpg","datePublished":"2020-04-06T09:12:36+00:00","dateModified":"2024-01-08T13:53:21+00:00","breadcrumb":{"@id":"https:\/\/www.hrwheelworks.be\/nl\/aanbod\/workshops\/#breadcrumb"},"inLanguage":"nl-NL","potentialAction":[{"@type":"ReadAction","target":["https:\/\/www.hrwheelworks.be\/nl\/aanbod\/workshops\/"]}]},{"@type":"ImageObject","inLanguage":"nl-NL","@id":"https:\/\/www.hrwheelworks.be\/nl\/aanbod\/workshops\/#primaryimage","url":"https:\/\/www.hrwheelworks.be\/wp-content\/uploads\/2023\/12\/Jonge-zakelijke-werkers-notities-1024x1024.jpg","contentUrl":"https:\/\/www.hrwheelworks.be\/wp-content\/uploads\/2023\/12\/Jonge-zakelijke-werkers-notities-1024x1024.jpg"},{"@type":"BreadcrumbList","@id":"https:\/\/www.hrwheelworks.be\/nl\/aanbod\/workshops\/#breadcrumb","itemListElement":[{"@type":"ListItem","position":1,"name":"Home","item":"https:\/\/www.hrwheelworks.be\/nl\/"},{"@type":"ListItem","position":2,"name":"Aanbod","item":"https:\/\/www.hrwheelworks.be\/nl\/aanbod\/"},{"@type":"ListItem","position":3,"name":"Workshops"}]},{"@type":"WebSite","@id":"https:\/\/www.hrwheelworks.be\/nl\/#website","url":"https:\/\/www.hrwheelworks.be\/nl\/","name":"HR Wheelworks","description":"","publisher":{"@id":"https:\/\/www.hrwheelworks.be\/nl\/#organization"},"potentialAction":[{"@type":"SearchAction","target":{"@type":"EntryPoint","urlTemplate":"https:\/\/www.hrwheelworks.be\/nl\/?s={search_term_string}"},"query-input":{"@type":"PropertyValueSpecification","valueRequired":true,"valueName":"search_term_string"}}],"inLanguage":"nl-NL"},{"@type":"Organization","@id":"https:\/\/www.hrwheelworks.be\/nl\/#organization","name":"HR Wheelworks","url":"https:\/\/www.hrwheelworks.be\/nl\/","logo":{"@type":"ImageObject","inLanguage":"nl-NL","@id":"https:\/\/www.hrwheelworks.be\/nl\/#\/schema\/logo\/image\/","url":"https:\/\/www.hrwheelworks.be\/wp-content\/uploads\/2020\/03\/HRWheelworks-logo.svg","contentUrl":"https:\/\/www.hrwheelworks.be\/wp-content\/uploads\/2020\/03\/HRWheelworks-logo.svg","width":986,"height":247,"caption":"HR Wheelworks"},"image":{"@id":"https:\/\/www.hrwheelworks.be\/nl\/#\/schema\/logo\/image\/"}}]}},"_links":{"self":[{"href":"https:\/\/www.hrwheelworks.be\/nl\/wp-json\/wp\/v2\/pages\/788","targetHints":{"allow":["GET"]}}],"collection":[{"href":"https:\/\/www.hrwheelworks.be\/nl\/wp-json\/wp\/v2\/pages"}],"about":[{"href":"https:\/\/www.hrwheelworks.be\/nl\/wp-json\/wp\/v2\/types\/page"}],"author":[{"embeddable":true,"href":"https:\/\/www.hrwheelworks.be\/nl\/wp-json\/wp\/v2\/users\/1"}],"replies":[{"embeddable":true,"href":"https:\/\/www.hrwheelworks.be\/nl\/wp-json\/wp\/v2\/comments?post=788"}],"version-history":[{"count":30,"href":"https:\/\/www.hrwheelworks.be\/nl\/wp-json\/wp\/v2\/pages\/788\/revisions"}],"predecessor-version":[{"id":2311,"href":"https:\/\/www.hrwheelworks.be\/nl\/wp-json\/wp\/v2\/pages\/788\/revisions\/2311"}],"up":[{"embeddable":true,"href":"https:\/\/www.hrwheelworks.be\/nl\/wp-json\/wp\/v2\/pages\/784"}],"wp:attachment":[{"href":"https:\/\/www.hrwheelworks.be\/nl\/wp-json\/wp\/v2\/media?parent=788"}],"curies":[{"name":"wp","href":"https:\/\/api.w.org\/{rel}","templated":true}]}}